{"id":671,"date":"2023-07-30T17:54:28","date_gmt":"2023-07-30T17:54:28","guid":{"rendered":"https:\/\/ebanpremium.com\/?page_id=671"},"modified":"2023-08-20T10:04:32","modified_gmt":"2023-08-20T10:04:32","slug":"accesibilidad","status":"publish","type":"page","link":"https:\/\/ebanpremium.com\/en\/accesibilidad\/","title":{"rendered":"Accessibility"},"content":{"rendered":"<div class=\"elementor-element elementor-element-398b7f4 elementor-widget elementor-widget-heading\" data-id=\"398b7f4\" data-element_type=\"widget\" data-widget_type=\"heading.default\">\n<div class=\"elementor-widget-container\">\n<h2 class=\"elementor-heading-title elementor-size-default\">ACCESSIBILITY STATEMENT<\/h2>\n<\/div>\n<\/div>\n<div class=\"elementor-element elementor-element-d68eaf4 elementor-widget elementor-widget-text-editor\" data-id=\"d68eaf4\" data-element_type=\"widget\" data-widget_type=\"text-editor.default\">\n<div class=\"elementor-widget-container\">\n<div accesskey=\"1\" class=\"row row-news\">\n<div class=\"container\">\n<h1 id=\"h1Title\"><\/h1>\n<\/div>\n<\/div>\n<div id=\"ContentDetail\" class=\"row row-wrapper-content\">\n<div class=\"container\">\n<div id=\"MainContent\" class=\"column-content colum-content-news\">\n<p>Eban Premium SL has committed to making this website accessible in accordance with the <a title=\"See BOE. Royal Decree 1112\/2018\" href=\"https:\/\/www.boe.es\/diario_boe\/txt.php?id=BOE-A-2018-12699\">Royal Decree 1112\/2018<\/a>, of\u00a0<em>September 7, on accessibility of public sector websites and applications for mobile devices<\/em>.<\/p>\n<h2>Compliance status<\/h2>\n<p>This website is\u00a0<strong>partially compliant<\/strong>\u00a0with the\u00a0<a title=\"See BOE. Royal Decree 1112\/2018\" href=\"https:\/\/www.boe.es\/diario_boe\/txt.php?id=BOE-A-2018-12699\">RD 1112\/2018<\/a>\u00a0due to the exceptions and lack of conformity of the aspects indicated below.<\/p>\n<h2>Content not accessible<\/h2>\n<p>The content collected below is not accessible due to the following:<\/p>\n<ul>\n<li><strong>Lack of compliance with RD 1112\/2018<\/strong>\n<ul>\n<li>Due to the automation of some of the publications, there could be pages with incorrect nesting of HTML tags<\/li>\n<\/ul>\n<\/li>\n<li><strong>Disproportionate burden<\/strong><br \/>\nDoes not apply<\/li>\n<\/ul>\n<h2>Preparation of this accessibility statement<\/h2>\n<p>This accessibility statement was prepared on 06\/08\/2023<\/p>\n<p>The method used for this declaration has been a self-assessment carried out by the Ministry.<\/p>\n<p>Observations and contact information<\/p>\n<p>Can do\u00a0<strong>communications<\/strong>\u00a0on accessibility requirements (article 10.2.a of RD 1112\/2018) such as:<\/p>\n<ul>\n<li>report any possible non-compliance by this website<\/li>\n<li>transmit other\u00a0<strong>access difficulties<\/strong>\u00a0to the content<\/li>\n<li>formulate any other\u00a0<strong>query or suggestion for improvement<\/strong>\u00a0regarding website accessibility<\/li>\n<\/ul>\n<p>through the\u00a0<a title=\"Contact Form\" href=\"https:\/\/ebanpremium.com.com\/contact\/\">Contact Form<\/a>\u00a0of this website.<\/p>\n<p>&nbsp;<\/p>\n<h2>Optional content<\/h2>\n<p>This website:<\/p>\n<ul>\n<li>It has been designed to adapt to current standards and regulations in relation to accessibility, complying with the priority 2 (AA) verification points defined in the Web Content Accessibility Guidelines specification (WCAG 2.1).<\/li>\n<li>complies with the requirements of Standard UNE-EN 301549:2019, considering the exceptions of Royal Decree 1112\/2018<\/li>\n<li>It is designed for correct viewing on desktop, tablet and mobile devices for a minimum resolution of 1280\u00d71024<\/li>\n<li>It has been made using HTML5 as a markup language and CSS 3 style sheets for its design.<\/li>\n<li>is designed for use with non-intrusive javascript offering, in the event that your browser does not support it, its corresponding non-javascript alternative<\/li>\n<\/ul>\n<h3>Text size<\/h3>\n<p>Fonts with relative sizes have been used so that if the user prefers a larger font they can select it through the text size options of their browser, generally\u00a0<strong><em>Ctrl+<\/em><\/strong>\u00a0(control plus) to expand,\u00a0<strong><em>Ctrl-<\/em><\/strong>\u00a0(control minus) to reduce.<\/p>\n<h3>Structure of the pages<\/h3>\n<p>This portal is designed with a common format for all pages so that familiarization with their content is simple to achieve better navigation for people who need\u00a0<em>Technical help<\/em>.<\/p>\n<p>The pages are made up, broadly speaking, of the following areas:<\/p>\n<ul>\n<li><strong><em>Headboard<\/em><\/strong>, with access to the home page, contact form, access to the co-official and English versions and an advanced search engine<\/li>\n<li><strong><em>Main navigation menu<\/em><\/strong>, with the main options of the web<\/li>\n<li><strong><em>Central content area<\/em><\/strong>\u00a0which will vary depending on whether the page is the main page of the site, a subhome, summary, document or advanced search engine.<\/li>\n<li><strong><em>Foot<\/em><\/strong>, which includes Eban Premium information.<\/li>\n<\/ul>\n<\/div>\n<\/div>\n<\/div>\n<\/div>\n<\/div>","protected":false},"excerpt":{"rendered":"<p>ACCESSIBILITY STATEMENT Eban Premium SL is committed to making this website accessible in accordance with Royal Decree 1112\/2018, of September 7, on the accessibility of websites and mobile applications in the public sector. Compliance status This website is partially compliant with RD 1112\/2018 due to the exceptions and the lack of a [\u2026]<\/p>","protected":false},"author":1,"featured_media":0,"parent":0,"menu_order":0,"comment_status":"closed","ping_status":"closed","template":"elementor_header_footer","meta":{"footnotes":""},"class_list":["post-671","page","type-page","status-publish","hentry"],"yoast_head":"<!-- This site is optimized with the Yoast SEO plugin v24.3 - https:\/\/yoast.com\/wordpress\/plugins\/seo\/ -->\n<title>Accesibilidad - Eban premium<\/title>\n<meta name=\"robots\" content=\"index, follow, max-snippet:-1, max-image-preview:large, max-video-preview:-1\" \/>\n<link rel=\"canonical\" href=\"https:\/\/ebanpremium.com\/en\/accesibilidad\/\" \/>\n<meta property=\"og:locale\" content=\"en_US\" \/>\n<meta property=\"og:type\" content=\"article\" \/>\n<meta property=\"og:title\" content=\"Accesibilidad - Eban premium\" \/>\n<meta property=\"og:description\" content=\"DECLARACI\u00d3N DE ACCESIBILIDAD Eban Premium S.L se ha comprometido a hacer accesible este sitio web de conformidad con el Real Decreto 1112\/2018, de\u00a07 de septiembre, sobre accesibilidad de los sitios web y aplicaciones para dispositivos m\u00f3viles del sector p\u00fablico. Situaci\u00f3n de cumplimiento Este sitio web es\u00a0parcialmente conforme\u00a0con el\u00a0RD 1112\/2018\u00a0debido a las excepciones y a la [&hellip;]\" \/>\n<meta property=\"og:url\" content=\"https:\/\/ebanpremium.com\/en\/accesibilidad\/\" \/>\n<meta property=\"og:site_name\" content=\"Eban premium\" \/>\n<meta property=\"article:modified_time\" content=\"2023-08-20T10:04:32+00:00\" \/>\n<meta name=\"twitter:card\" content=\"summary_large_image\" \/>\n<meta name=\"twitter:label1\" content=\"Est. reading time\" \/>\n\t<meta name=\"twitter:data1\" content=\"3 minutes\" \/>\n<script type=\"application\/ld+json\" class=\"yoast-schema-graph\">{\"@context\":\"https:\/\/schema.org\",\"@graph\":[{\"@type\":\"WebPage\",\"@id\":\"https:\/\/ebanpremium.com\/accesibilidad\/\",\"url\":\"https:\/\/ebanpremium.com\/accesibilidad\/\",\"name\":\"Accesibilidad - Eban premium\",\"isPartOf\":{\"@id\":\"https:\/\/ebanpremium.com\/#website\"},\"datePublished\":\"2023-07-30T17:54:28+00:00\",\"dateModified\":\"2023-08-20T10:04:32+00:00\",\"breadcrumb\":{\"@id\":\"https:\/\/ebanpremium.com\/accesibilidad\/#breadcrumb\"},\"inLanguage\":\"en-US\",\"potentialAction\":[{\"@type\":\"ReadAction\",\"target\":[\"https:\/\/ebanpremium.com\/accesibilidad\/\"]}]},{\"@type\":\"BreadcrumbList\",\"@id\":\"https:\/\/ebanpremium.com\/accesibilidad\/#breadcrumb\",\"itemListElement\":[{\"@type\":\"ListItem\",\"position\":1,\"name\":\"Portada\",\"item\":\"https:\/\/ebanpremium.com\/\"},{\"@type\":\"ListItem\",\"position\":2,\"name\":\"Accesibilidad\"}]},{\"@type\":\"WebSite\",\"@id\":\"https:\/\/ebanpremium.com\/#website\",\"url\":\"https:\/\/ebanpremium.com\/\",\"name\":\"Eban premium\",\"description\":\"F\u00e1brica de Muebles mecanizados en serie y a medida\",\"publisher\":{\"@id\":\"https:\/\/ebanpremium.com\/#organization\"},\"potentialAction\":[{\"@type\":\"SearchAction\",\"target\":{\"@type\":\"EntryPoint\",\"urlTemplate\":\"https:\/\/ebanpremium.com\/?s={search_term_string}\"},\"query-input\":{\"@type\":\"PropertyValueSpecification\",\"valueRequired\":true,\"valueName\":\"search_term_string\"}}],\"inLanguage\":\"en-US\"},{\"@type\":\"Organization\",\"@id\":\"https:\/\/ebanpremium.com\/#organization\",\"name\":\"Eban premium\",\"url\":\"https:\/\/ebanpremium.com\/\",\"logo\":{\"@type\":\"ImageObject\",\"inLanguage\":\"en-US\",\"@id\":\"https:\/\/ebanpremium.com\/#\/schema\/logo\/image\/\",\"url\":\"https:\/\/ebanpremium.com\/wp-content\/uploads\/ebanpremium.jpg\",\"contentUrl\":\"https:\/\/ebanpremium.com\/wp-content\/uploads\/ebanpremium.jpg\",\"width\":797,\"height\":145,\"caption\":\"Eban premium\"},\"image\":{\"@id\":\"https:\/\/ebanpremium.com\/#\/schema\/logo\/image\/\"}}]}<\/script>\n<!-- \/ Yoast SEO plugin. -->","yoast_head_json":{"title":"Accesibilidad - Eban premium","robots":{"index":"index","follow":"follow","max-snippet":"max-snippet:-1","max-image-preview":"max-image-preview:large","max-video-preview":"max-video-preview:-1"},"canonical":"https:\/\/ebanpremium.com\/en\/accesibilidad\/","og_locale":"en_US","og_type":"article","og_title":"Accesibilidad - Eban premium","og_description":"DECLARACI\u00d3N DE ACCESIBILIDAD Eban Premium S.L se ha comprometido a hacer accesible este sitio web de conformidad con el Real Decreto 1112\/2018, de\u00a07 de septiembre, sobre accesibilidad de los sitios web y aplicaciones para dispositivos m\u00f3viles del sector p\u00fablico. Situaci\u00f3n de cumplimiento Este sitio web es\u00a0parcialmente conforme\u00a0con el\u00a0RD 1112\/2018\u00a0debido a las excepciones y a la [&hellip;]","og_url":"https:\/\/ebanpremium.com\/en\/accesibilidad\/","og_site_name":"Eban premium","article_modified_time":"2023-08-20T10:04:32+00:00","twitter_card":"summary_large_image","twitter_misc":{"Est. reading time":"3 minutes"},"schema":{"@context":"https:\/\/schema.org","@graph":[{"@type":"WebPage","@id":"https:\/\/ebanpremium.com\/accesibilidad\/","url":"https:\/\/ebanpremium.com\/accesibilidad\/","name":"Accesibilidad - Eban premium","isPartOf":{"@id":"https:\/\/ebanpremium.com\/#website"},"datePublished":"2023-07-30T17:54:28+00:00","dateModified":"2023-08-20T10:04:32+00:00","breadcrumb":{"@id":"https:\/\/ebanpremium.com\/accesibilidad\/#breadcrumb"},"inLanguage":"en-US","potentialAction":[{"@type":"ReadAction","target":["https:\/\/ebanpremium.com\/accesibilidad\/"]}]},{"@type":"BreadcrumbList","@id":"https:\/\/ebanpremium.com\/accesibilidad\/#breadcrumb","itemListElement":[{"@type":"ListItem","position":1,"name":"Portada","item":"https:\/\/ebanpremium.com\/"},{"@type":"ListItem","position":2,"name":"Accesibilidad"}]},{"@type":"WebSite","@id":"https:\/\/ebanpremium.com\/#website","url":"https:\/\/ebanpremium.com\/","name":"Eban premium","description":"F\u00e1brica de Muebles mecanizados en serie y a medida","publisher":{"@id":"https:\/\/ebanpremium.com\/#organization"},"potentialAction":[{"@type":"SearchAction","target":{"@type":"EntryPoint","urlTemplate":"https:\/\/ebanpremium.com\/?s={search_term_string}"},"query-input":{"@type":"PropertyValueSpecification","valueRequired":true,"valueName":"search_term_string"}}],"inLanguage":"en-US"},{"@type":"Organization","@id":"https:\/\/ebanpremium.com\/#organization","name":"Eban premium","url":"https:\/\/ebanpremium.com\/","logo":{"@type":"ImageObject","inLanguage":"en-US","@id":"https:\/\/ebanpremium.com\/#\/schema\/logo\/image\/","url":"https:\/\/ebanpremium.com\/wp-content\/uploads\/ebanpremium.jpg","contentUrl":"https:\/\/ebanpremium.com\/wp-content\/uploads\/ebanpremium.jpg","width":797,"height":145,"caption":"Eban premium"},"image":{"@id":"https:\/\/ebanpremium.com\/#\/schema\/logo\/image\/"}}]}},"_links":{"self":[{"href":"https:\/\/ebanpremium.com\/en\/wp-json\/wp\/v2\/pages\/671","targetHints":{"allow":["GET"]}}],"collection":[{"href":"https:\/\/ebanpremium.com\/en\/wp-json\/wp\/v2\/pages"}],"about":[{"href":"https:\/\/ebanpremium.com\/en\/wp-json\/wp\/v2\/types\/page"}],"author":[{"embeddable":true,"href":"https:\/\/ebanpremium.com\/en\/wp-json\/wp\/v2\/users\/1"}],"replies":[{"embeddable":true,"href":"https:\/\/ebanpremium.com\/en\/wp-json\/wp\/v2\/comments?post=671"}],"version-history":[{"count":4,"href":"https:\/\/ebanpremium.com\/en\/wp-json\/wp\/v2\/pages\/671\/revisions"}],"predecessor-version":[{"id":682,"href":"https:\/\/ebanpremium.com\/en\/wp-json\/wp\/v2\/pages\/671\/revisions\/682"}],"wp:attachment":[{"href":"https:\/\/ebanpremium.com\/en\/wp-json\/wp\/v2\/media?parent=671"}],"curies":[{"name":"wp","href":"https:\/\/api.w.org\/{rel}","templated":true}]}}